{"id":105,"date":"2021-04-20T17:22:40","date_gmt":"2021-04-20T17:22:40","guid":{"rendered":"https:\/\/analihpd.hr\/?page_id=105"},"modified":"2025-01-26T12:21:54","modified_gmt":"2025-01-26T11:21:54","slug":"impressum","status":"publish","type":"page","link":"https:\/\/analihpd.hr\/en\/impressum\/","title":{"rendered":"Impressum"},"content":{"rendered":"<h2 class=\"wp-block-heading\" id=\"headline-16-105\">ANNALS OF THE CROATIAN POLITICAL SCIENCE ASSOCIATION<\/h2>\n\n\n\n<div style=\"height:30px\" aria-hidden=\"true\" class=\"wp-block-spacer\"><\/div>\n\n\n\n<h3 class=\"wp-block-heading\" id=\"headline-14-105\">Publisher<\/h3>\n\n\n\n<p><a href=\"https:\/\/www.politologija.hr\/hr\/\" data-type=\"URL\" data-id=\"https:\/\/www.politologija.hr\/hr\/\">CROATIAN POLITICAL SCIENCE ASSOCIATION<\/a><br><a href=\"https:\/\/www.fpzg.unizg.hr\/\" data-type=\"URL\" data-id=\"https:\/\/www.fpzg.unizg.hr\/\">FACULTY OF POLITICAL SCIENCE, UNIVERSITY OF ZAGREB<\/a><\/p>\n\n\n\n<h3 class=\"wp-block-heading\" id=\"headline-25-105\">Official Representative<\/h3>\n\n\n\n<p><a href=\"https:\/\/www.fpzg.unizg.hr\/djelatnik\/goran.cular\" data-type=\"URL\" data-id=\"https:\/\/www.fpzg.unizg.hr\/djelatnik\/goran.cular\">GORAN \u010cULAR<\/a>, predsjednik Hrvatskog politolo\u0161kog dru\u0161tva<br><a href=\"https:\/\/www.fpzg.unizg.hr\/djelatnik\/dario.nikic_cakar\" data-type=\"URL\" data-id=\"https:\/\/www.fpzg.unizg.hr\/djelatnik\/andrija.henjak\">DARIO NIKI\u0106 \u010cAKAR<\/a>, dekan Fakulteta politi\u010dkih znanosti, Sveu\u010dili\u0161te u Zagrebu<\/p>\n\n\n\n<h3 class=\"wp-block-heading\" id=\"headline-35-105\">Editorial Board<\/h3>\n\n\n\n<div class=\"wp-block-group is-vertical is-layout-flex wp-container-core-group-is-layout-4 wp-block-group-is-layout-flex\">\n<div class=\"wp-block-group is-vertical is-layout-flex wp-container-core-group-is-layout-2 wp-block-group-is-layout-flex\">\n<div class=\"wp-block-group is-vertical is-layout-flex wp-container-core-group-is-layout-1 wp-block-group-is-layout-flex\">\n<p><a href=\"https:\/\/www.fpzg.unizg.hr\/djelatnik\/luka.ribarevic\">LUKA RIBAREVI\u0106<\/a>, Sveu\u010dili\u0161te u Zagrebu<\/p>\n\n\n\n<p><a href=\"https:\/\/www.fpzg.unizg.hr\/djelatnik\/mario.munta\">MARIO MUNTA<\/a>, Sveu\u010dili\u0161te u Zagrebu<\/p>\n<\/div>\n\n\n\n<p><a href=\"https:\/\/sociologija.unizd.hr\/nastavnice-i\/karin-doolan-eng\">KARIN DOOLAN<\/a>, Institut za dru\u0161tvena istra\u017eivanja u Zagrebu<\/p>\n<\/div>\n\n\n\n<div class=\"wp-block-group is-vertical is-layout-flex wp-container-core-group-is-layout-3 wp-block-group-is-layout-flex\">\n<p><a href=\"https:\/\/scholar.google.com\/citations?user=8hd1w-cAAAAJ&amp;hl=en\">MARKO<\/a><a href=\"https:\/\/portal.uniri.hr\/Portfelj\/Details\/7951\"> KOVA\u010cI\u0106<\/a>, Sveu\u010dili\u0161te u Rijeci<\/p>\n\n\n\n<p><a href=\"https:\/\/unidu.academia.edu\/PeroMaldini\">PERO MALDINI<\/a>, Sveu\u010dili\u0161te u Dubrovniku<\/p>\n\n\n\n<p><a href=\"https:\/\/www.fpn.bg.ac.rs\/faculty\/nebojsa-vladisavljevic\">NEBOJ\u0160A VLADISAVLJEVI\u0106<\/a>, Univerzitet u Beogradu<\/p>\n\n\n\n<p><a href=\"https:\/\/www.fdv.uni-lj.si\/en\/news-and-information\/contacts\/teachers\/info\/alenka-krasovec\/\">ALENKA KRA\u0160OVEC<\/a>, Univerza v Ljubljani<\/p>\n\n\n\n<p><a href=\"https:\/\/www.eui.eu\/people?id=jelena-dzankic\">JELENA D\u017dANKI\u0106<\/a>, European University Institute<\/p>\n\n\n\n<p><a href=\"https:\/\/experts.exeter.ac.uk\/23945-ljubica-spaskovska\">LJUBICA SPASKOVSKA<\/a>, University of Exeter<\/p>\n\n\n\n<p><a href=\"https:\/\/www.aubg.edu\/professors\/bernaciak-magdalena\/\">MAGDALENA BERNACIAK<\/a>, American University in Bulgaria<\/p>\n\n\n\n<p><a href=\"https:\/\/people.ucd.ie\/sinisa.malesevic\">SINI\u0160A MALE\u0160EVI\u0106<\/a>, University College Dublin<\/p>\n\n\n\n<p><a href=\"https:\/\/jbhronesova.wordpress.com\/\">JESSIE HRONESOVA<\/a>, University College London<\/p>\n\n\n\n<p><a href=\"https:\/\/klmarquardt.com\/\">KYLE MARQUARDT<\/a>, University of Bergen<\/p>\n\n\n\n<p><a href=\"https:\/\/sais.jhu.edu\/users\/efinkel4\">EVGENY FINKEL<\/a>, Johns Hopkins University<\/p>\n\n\n\n<p><a href=\"https:\/\/new.sewanee.edu\/programs-of-study\/politics\/faculty-staff\/mila-dragojevic\/\">MILA DRAGOJEVI\u0106<\/a>, Sewanee The University of the South<\/p>\n<\/div>\n<\/div>\n\n\n\n<h3 class=\"wp-block-heading\" id=\"headline-47-105\">Editor-in-Chief<\/h3>\n\n\n\n<p><a href=\"https:\/\/www.fpzg.unizg.hr\/djelatnik\/marko.grdesic\" data-type=\"URL\" data-id=\"https:\/\/www.fpzg.unizg.hr\/djelatnik\/kresimir.petkovic\">MARKO GRDE\u0160I\u0106<\/a>, Sveu\u010dili\u0161te u Zagrebu<\/p>\n\n\n\n<h3 class=\"wp-block-heading\" id=\"headline-55-105\">Executive Editor<\/h3>\n\n\n\n<p><a href=\"https:\/\/scholar.google.com\/citations?user=bERaqvAAAAAJ&amp;hl=en\" data-type=\"URL\" data-id=\"https:\/\/orcid.org\/0000-0003-0205-7644\">KARLO KRALJ<\/a>, Sveu\u010dili\u0161te u Zagrebu<\/p>\n\n\n\n<h3 class=\"wp-block-heading\" id=\"headline-63-105\">English Language Editing<\/h3>\n\n\n\n<p>SARA TILLY and BOGL\u00c1RKA KISS KULENOVI\u0106<\/p>\n\n\n\n<h3 class=\"wp-block-heading\" id=\"headline-74-105\">Cover design<\/h3>\n\n\n\n<p>ZEKO ZNA<\/p>\n\n\n\n<h3 class=\"wp-block-heading\" id=\"headline-84-105\">Layout and Typesetting<\/h3>\n\n\n\n<p>VLADO ZELENI\u0106<\/p>\n\n\n\n<h3 class=\"wp-block-heading\" id=\"headline-92-105\">Print Run<\/h3>\n\n\n\n<p>220 Kom<\/p>\n\n\n\n<h3 class=\"wp-block-heading\" id=\"headline-102-105\">Printing House<\/h3>\n\n\n\n<p>TISKARA ZELINA<\/p>\n\n\n\n<h3 class=\"wp-block-heading\" id=\"headline-111-105\">Published contributions are indexed in:<\/h3>\n\n\n\n<p>ERIH PLUS, European Reference Index for the Humanitarian and Social Sciences (European Science<br>Foundation)<br>International Political Science Abstracts \/ Documenation Politique Internationale (IPSA)<br>Political Science Complete (EBSCOhost)<br>SCOPUS (Elsevier)<br>Social Science Premium Collection (ProQuest)<br>Asos Index<br>Papers published in the Annals are available on the <a href=\"https:\/\/hrcak.srce.hr\/en\/analihpd\" data-type=\"link\" data-id=\"https:\/\/hrcak.srce.hr\/analihpd\">Hr\u010dak Portal of Croatian scientific and professional journals<\/a><br>and on Directory of Open Access Journals \u2013 DOAJ.<\/p>\n\n\n\n<p>Annals are an open access journal. Annals do not levy any charges to an author to process or\npublish a submitted paper.<br>-<br>The Annals publish exclusively scientific papers that have been positively evaluated by two reviewers in an anonymous review process. If the reviews differ significantly, the editorial board orders a third review and makes the final decision. Only articles that have not previously been published in any scientific publication, in whole or in part, in Croatian or another language and that are not in the process of being considered for publication in another scientific publication are published.<br>Print copy price: 10 \u20ac<br>Annals are published once a year in print. Articles can be published online first.<br>Manuscript are submitted by <a href=\"http:\/\/hrcak.srce.hr\/ojs\/index.php\/analihpd\/index\">Annals\u2019 Open Journal System.<\/a><br>Address: Lepu\u0161i\u0107eva 6, 10000 Zagreb, Croatia<br>Web site: www.analihpd.hr<br>E-mail: anali@fpzg.hr<\/p>","protected":false},"excerpt":{"rendered":"<p>ANALI HRVATSKOG POLITOLO\u0160\u030cKOG DRU\u0160TVA Izdava\u010d HRVATSKO POLITOLO\u0160KO DRU\u0160TVOFAKULTET POLITI\u010cKIH ZNANOSTI, SVEU\u010cILI\u0160TE U ZAGREBU Za izdava\u010da GORAN \u010cULAR, predsjednik Hrvatskog politolo\u0161kog dru\u0161tvaDARIO NIKI\u0106 \u010cAKAR, dekan Fakulteta politi\u010dkih znanosti, Sveu\u010dili\u0161te u Zagrebu Uredni\u0161tvo LUKA RIBAREVI\u0106, Sveu\u010dili\u0161te u Zagrebu MARIO MUNTA, Sveu\u010dili\u0161te u Zagrebu KARIN DOOLAN, Institut za dru\u0161tvena istra\u017eivanja u Zagrebu MARKO KOVA\u010cI\u0106, Sveu\u010dili\u0161te u Rijeci PERO [&hellip;]<\/p>","protected":false},"author":1,"featured_media":0,"parent":0,"menu_order":0,"comment_status":"closed","ping_status":"closed","template":"","meta":{"_acf_changed":false,"_seopress_robots_primary_cat":"","_seopress_titles_title":"","_seopress_titles_desc":"","_seopress_robots_index":"","footnotes":""},"class_list":["post-105","page","type-page","status-publish","hentry"],"acf":[],"_links":{"self":[{"href":"https:\/\/analihpd.hr\/en\/wp-json\/wp\/v2\/pages\/105","targetHints":{"allow":["GET"]}}],"collection":[{"href":"https:\/\/analihpd.hr\/en\/wp-json\/wp\/v2\/pages"}],"about":[{"href":"https:\/\/analihpd.hr\/en\/wp-json\/wp\/v2\/types\/page"}],"author":[{"embeddable":true,"href":"https:\/\/analihpd.hr\/en\/wp-json\/wp\/v2\/users\/1"}],"replies":[{"embeddable":true,"href":"https:\/\/analihpd.hr\/en\/wp-json\/wp\/v2\/comments?post=105"}],"version-history":[{"count":29,"href":"https:\/\/analihpd.hr\/en\/wp-json\/wp\/v2\/pages\/105\/revisions"}],"predecessor-version":[{"id":1425,"href":"https:\/\/analihpd.hr\/en\/wp-json\/wp\/v2\/pages\/105\/revisions\/1425"}],"wp:attachment":[{"href":"https:\/\/analihpd.hr\/en\/wp-json\/wp\/v2\/media?parent=105"}],"curies":[{"name":"wp","href":"https:\/\/api.w.org\/{rel}","templated":true}]}}