{"id":144,"date":"2021-04-22T09:06:45","date_gmt":"2021-04-22T09:06:45","guid":{"rendered":"https:\/\/analihpd.hr\/?page_id=144"},"modified":"2023-12-04T14:11:29","modified_gmt":"2023-12-04T13:11:29","slug":"dokumenti","status":"publish","type":"page","link":"https:\/\/analihpd.hr\/en\/dokumenti\/","title":{"rendered":"Documents"},"content":{"rendered":"<h3 class=\"wp-block-heading\" id=\"ovdje-mozete-preuzeti-upute-za-autore-i-pravila-citiranja\">Download:<\/h3>\n\n\n\n<p><a href=\"https:\/\/analihpd.hr\/wp-content\/uploads\/2021\/12\/guide_references_Anali_Hrvatskog_politoloskog_drustva.pdf\">Citation guide<\/a><\/p>\n\n\n\n<p><a href=\"https:\/\/analihpd.hr\/wp-content\/uploads\/2021\/10\/guide_authors_Anali_Hrvatskog_politoloskog_drustva.pdf\" target=\"_blank\" rel=\"noreferrer noopener\">Guidelines for authors<\/a><\/p>\n\n\n\n<p><a rel=\"noreferrer noopener\" href=\"https:\/\/analihpd.hr\/wp-content\/uploads\/2021\/10\/guide_reviewers_Anali_Hrvatskog_politoloskog_drustva.pdf\" target=\"_blank\">Guidelines for reviewers<\/a><\/p>\n\n\n\n<p><a href=\"https:\/\/analihpd.hr\/wp-content\/uploads\/2023\/02\/Code-of-Ethics-Annals-of-the-CPSA.pdf\">Code of Ethics<\/a><\/p>\n\n\n\n<p><a href=\"https:\/\/analihpd.hr\/wp-content\/uploads\/2023\/12\/Impressum-Anali-2023-en.pdf\">Impressum<\/a><\/p>\n\n\n\n<p><a href=\"https:\/\/analihpd.hr\/wp-content\/uploads\/2023\/02\/Peer-review-policy.pdf\" data-type=\"link\" data-id=\"https:\/\/analihpd.hr\/wp-content\/uploads\/2023\/02\/Politika-recenziranja.pdf\">Peer-review policy<\/a><\/p>","protected":false},"excerpt":{"rendered":"<p>Ovdje mo\u017eete preuzeti upute za autore i pravila citiranja: Pravila navo\u0111enja Upute za autore Upute recenzentima Eti\u010dki kodeks Impressum Politika recenziranja<\/p>","protected":false},"author":1,"featured_media":0,"parent":0,"menu_order":0,"comment_status":"closed","ping_status":"closed","template":"","meta":{"_acf_changed":false,"_seopress_robots_primary_cat":"","_seopress_titles_title":"","_seopress_titles_desc":"","_seopress_robots_index":"","footnotes":""},"class_list":["post-144","page","type-page","status-publish","hentry"],"acf":[],"_links":{"self":[{"href":"https:\/\/analihpd.hr\/en\/wp-json\/wp\/v2\/pages\/144","targetHints":{"allow":["GET"]}}],"collection":[{"href":"https:\/\/analihpd.hr\/en\/wp-json\/wp\/v2\/pages"}],"about":[{"href":"https:\/\/analihpd.hr\/en\/wp-json\/wp\/v2\/types\/page"}],"author":[{"embeddable":true,"href":"https:\/\/analihpd.hr\/en\/wp-json\/wp\/v2\/users\/1"}],"replies":[{"embeddable":true,"href":"https:\/\/analihpd.hr\/en\/wp-json\/wp\/v2\/comments?post=144"}],"version-history":[{"count":26,"href":"https:\/\/analihpd.hr\/en\/wp-json\/wp\/v2\/pages\/144\/revisions"}],"predecessor-version":[{"id":1418,"href":"https:\/\/analihpd.hr\/en\/wp-json\/wp\/v2\/pages\/144\/revisions\/1418"}],"wp:attachment":[{"href":"https:\/\/analihpd.hr\/en\/wp-json\/wp\/v2\/media?parent=144"}],"curies":[{"name":"wp","href":"https:\/\/api.w.org\/{rel}","templated":true}]}}