{"id":23,"date":"2018-05-01T04:18:04","date_gmt":"2018-05-01T04:18:04","guid":{"rendered":"http:\/\/atomic.oxy.host\/?page_id=233"},"modified":"2025-02-13T22:05:16","modified_gmt":"2025-02-13T21:05:16","slug":"kontakt","status":"publish","type":"page","link":"https:\/\/analihpd.hr\/en\/kontakt\/","title":{"rendered":"Contact"},"content":{"rendered":"<h3 class=\"wp-block-heading\" id=\"headline-38-23\">Editor-in-Chief<\/h3>\n\n\n\n<p>Marko Grde\u0161i\u0107<br>marko.grdesic@fpzg.hr<\/p>\n\n\n\n<h3 class=\"wp-block-heading\" id=\"headline-45-23\">Executive Editor<\/h3>\n\n\n\n<p>Karlo Kralj<br>karlo.kralj@fpzg.hr<\/p>\n\n\n\n<h3 class=\"wp-block-heading\" id=\"headline-45-23\">Publishers<\/h3>\n\n\n\n<p><strong>Faculty of Political Science, University of Zagreb<\/strong><br>Lepu\u0161i\u0107eva 6, 10 000 Zagreb, Croatia<br>+385 1 4642-000<br><a href=\"http:\/\/www.fpzg.unizg.hr\">www.fpzg.unizg.hr<\/a><br>dekanat@fpzg.hr<\/p>\n\n\n\n<p><strong>Croatian Political Science Association<\/strong><br>Lepu\u0161i\u0107eva 6, 10 000 Zagreb, Croatia<br>+385 1 4642-000<br><a href=\"http:\/\/www.politologija.hr\" data-type=\"URL\" data-id=\"www.politologija.hr\">www.politologija.hr<\/a><br>hpd@politologija.hr<br><\/p>","protected":false},"excerpt":{"rendered":"<p>Glavni urednik Marko Grde\u0161i\u0107marko.grdesic@fpzg.hr Izvr\u0161ni urednik Karlo Kraljkarlo.kralj@fpzg.hr Izdava\u010di Fakultet politi\u010dih znanosti, Sveu\u010dili\u0161te u ZagrebuLepu\u0161i\u0107eva 6, 10 000 Zagreb, Hrvatska+385 1 4642-000www.fpzg.unizg.hrdekanat@fpzg.hr Hrvatsko politolo\u0161ko dru\u0161tvoLepu\u0161i\u0107eva 6, 10 000 Zagreb, Hrvatska+385 1 4642-000www.politologija.hrhpd@politologija.hr<\/p>","protected":false},"author":1,"featured_media":0,"parent":0,"menu_order":0,"comment_status":"closed","ping_status":"closed","template":"","meta":{"_acf_changed":false,"_seopress_robots_primary_cat":"","_seopress_titles_title":"","_seopress_titles_desc":"","_seopress_robots_index":"","footnotes":""},"class_list":["post-23","page","type-page","status-publish","hentry"],"acf":[],"_links":{"self":[{"href":"https:\/\/analihpd.hr\/en\/wp-json\/wp\/v2\/pages\/23","targetHints":{"allow":["GET"]}}],"collection":[{"href":"https:\/\/analihpd.hr\/en\/wp-json\/wp\/v2\/pages"}],"about":[{"href":"https:\/\/analihpd.hr\/en\/wp-json\/wp\/v2\/types\/page"}],"author":[{"embeddable":true,"href":"https:\/\/analihpd.hr\/en\/wp-json\/wp\/v2\/users\/1"}],"replies":[{"embeddable":true,"href":"https:\/\/analihpd.hr\/en\/wp-json\/wp\/v2\/comments?post=23"}],"version-history":[{"count":6,"href":"https:\/\/analihpd.hr\/en\/wp-json\/wp\/v2\/pages\/23\/revisions"}],"predecessor-version":[{"id":1451,"href":"https:\/\/analihpd.hr\/en\/wp-json\/wp\/v2\/pages\/23\/revisions\/1451"}],"wp:attachment":[{"href":"https:\/\/analihpd.hr\/en\/wp-json\/wp\/v2\/media?parent=23"}],"curies":[{"name":"wp","href":"https:\/\/api.w.org\/{rel}","templated":true}]}}