{"id":24,"date":"2018-05-01T04:16:37","date_gmt":"2018-05-01T04:16:37","guid":{"rendered":"http:\/\/atomic.oxy.host\/?page_id=232"},"modified":"2021-04-23T00:10:43","modified_gmt":"2021-04-23T00:10:43","slug":"o-nama","status":"publish","type":"page","link":"https:\/\/analihpd.hr\/en\/o-nama\/","title":{"rendered":"About"},"content":{"rendered":"<p class=\"has-text-align-left\">The scientific journal Annals of the Croatian Political Science Association publishes primarily papers in political science, but also papers in communication sciences and related disciplines of social sciences and humanities, such as history, sociology, philosophy, law, economics and others, if they address topics that are important for political science.<br><br>The magazine is published in digital form no later than December of the year to which the respective issue refers, while the printed edition will be published no later than January of the following year. It is possible to publish thematic blocks (and exceptionally, individual texts), according to the models \"online first\" or \"first view\".<\/p>\n\n\n\n<div class=\"wp-block-image\"><figure class=\"alignright size-large is-resized\"><img loading=\"lazy\" decoding=\"async\" src=\"https:\/\/analihpd.hr\/wp-content\/uploads\/2021\/04\/IMG_E30681-scaled-e1618940062462-1024x768.jpg\" alt=\"\" class=\"wp-image-108\" width=\"512\" height=\"384\" srcset=\"https:\/\/analihpd.hr\/wp-content\/uploads\/2021\/04\/IMG_E30681-scaled-e1618940062462-1024x768.jpg 1024w, https:\/\/analihpd.hr\/wp-content\/uploads\/2021\/04\/IMG_E30681-scaled-e1618940062462-300x225.jpg 300w, https:\/\/analihpd.hr\/wp-content\/uploads\/2021\/04\/IMG_E30681-scaled-e1618940062462-768x576.jpg 768w, https:\/\/analihpd.hr\/wp-content\/uploads\/2021\/04\/IMG_E30681-scaled-e1618940062462-1536x1152.jpg 1536w, https:\/\/analihpd.hr\/wp-content\/uploads\/2021\/04\/IMG_E30681-scaled-e1618940062462-2048x1536.jpg 2048w, https:\/\/analihpd.hr\/wp-content\/uploads\/2021\/04\/IMG_E30681-scaled-e1618940062462-16x12.jpg 16w, https:\/\/analihpd.hr\/wp-content\/uploads\/2021\/04\/IMG_E30681-scaled-e1618940062462.jpg 2560w\" sizes=\"auto, (max-width: 512px) 100vw, 512px\" \/><\/figure><\/div>\n\n\n\n<p>Papers are published in Croatian and English.<br><br>Access to the journal is open (Open Access Journal).<br><br>The Annals publish exclusively scientific papers that have been positively evaluated by two reviewers in an anonymous review process. If the reviews differ significantly, the editorial board orders a third review and makes the final decision. Only articles that have not previously been published in any scientific publication, in whole or in part, in Croatian or another language and that are not in the process of being considered for publication in another scientific publication are published. <\/p>\n\n\n\n<p><br>Papers are submitted in Word format via the electronic system <a href=\"http:\/\/hrcak.srce.hr\/ojs\/index.php\/analipd\/index\" target=\"_blank\" rel=\"noreferrer noopener\">OJS<\/a>. Positively peer-reviewed papers are categorized as original scientific papers, review articles and research notes.<br><br>All the articles submitted to the Annals of the CPSA are checked for plagiarism with appropriate plagiarism detection software.<\/p>\n\n\n\n<p>The paper or part of the paper published in the Annals may not be published in other scientific publications without the prior permission of the editors and information that they were first published in the Annals.<\/p>\n\n\n\n<p>Articles published in the Annals are indexed in:<\/p>\n\n\n\n<ul><li>ERIH PLUS, European Reference Index for the Humanities and Social Sciences (European Science Foundation)<\/li><li>International Political Science Abstracts \/ Documentation Politique Internationale (IPSA)<\/li><li>Political Science Complete (EBSCOhost)<\/li><li>Scopus (Elsevier)<\/li><li>Social Science Premium Collection (ProQuest)<\/li><li>Asos Index<\/li><\/ul>\n\n\n\n<p>Peer review: external peer review, equally national and international peer review, double, only scientific papers, double blind review<\/p>\n\n\n\n<p>First year of publication: 2004<\/p>\n\n\n\n<p>Frequency (annually): 1<\/p>\n\n\n\n<p>Scientific disciplines and subdisciplines: \tPolitical Science<\/p>\n\n\n\n<p>Date added to HR\u010cAK: 20 November 2008<\/p>","protected":false},"excerpt":{"rendered":"<p>\u010casopis Anali Hrvatskog politolo\u0161kog dru\u0161tva objavljuje ponajprije radove iz politi\u010dke znanosti, ali i radove iz komunikacijskih znanosti i srodnih disciplina dru\u0161tvenih i humanisti\u010dkih znanosti, kao \u0161to su povijest, sociologija, filozofija, pravo, ekonomija i druge, ako obra\u0111uju teme koju su va\u017ene i za politi\u010dku znanost. \u010casopis u digitalnom obliku izlazi najkasnije u prosincu godine na koju [&hellip;]<\/p>","protected":false},"author":1,"featured_media":0,"parent":0,"menu_order":0,"comment_status":"closed","ping_status":"closed","template":"","meta":{"_acf_changed":false,"_seopress_robots_primary_cat":"","_seopress_titles_title":"","_seopress_titles_desc":"","_seopress_robots_index":"","footnotes":""},"class_list":["post-24","page","type-page","status-publish","hentry"],"acf":[],"_links":{"self":[{"href":"https:\/\/analihpd.hr\/en\/wp-json\/wp\/v2\/pages\/24","targetHints":{"allow":["GET"]}}],"collection":[{"href":"https:\/\/analihpd.hr\/en\/wp-json\/wp\/v2\/pages"}],"about":[{"href":"https:\/\/analihpd.hr\/en\/wp-json\/wp\/v2\/types\/page"}],"author":[{"embeddable":true,"href":"https:\/\/analihpd.hr\/en\/wp-json\/wp\/v2\/users\/1"}],"replies":[{"embeddable":true,"href":"https:\/\/analihpd.hr\/en\/wp-json\/wp\/v2\/comments?post=24"}],"version-history":[{"count":20,"href":"https:\/\/analihpd.hr\/en\/wp-json\/wp\/v2\/pages\/24\/revisions"}],"predecessor-version":[{"id":203,"href":"https:\/\/analihpd.hr\/en\/wp-json\/wp\/v2\/pages\/24\/revisions\/203"}],"wp:attachment":[{"href":"https:\/\/analihpd.hr\/en\/wp-json\/wp\/v2\/media?parent=24"}],"curies":[{"name":"wp","href":"https:\/\/api.w.org\/{rel}","templated":true}]}}