{"id":684,"date":"2022-01-26T15:51:44","date_gmt":"2022-01-26T14:51:44","guid":{"rendered":"https:\/\/analihpd.hr\/?page_id=684"},"modified":"2025-10-15T21:36:07","modified_gmt":"2025-10-15T19:36:07","slug":"podcast","status":"publish","type":"page","link":"https:\/\/analihpd.hr\/en\/podcast\/","title":{"rendered":"Podcast"},"content":{"rendered":"<p><em>Politolo\u0161ki <\/em><em>Podcast<\/em>\u00a0nastoji predstaviti politologiju u razgovornom formatu. U epizodama u trajanju\u00a0od oko pola sata do 45 minuta, razgovaramo s politolozima, znanstvenicima iz srodnih disciplina i ostalim relevantnim autorima o temi kojom se bave, zanimljivom \u010dlanku ili knjizi koju su nedavno objavili. Podkast vam donosi Hrvatsko politolo\u0161ko dru\u0161tvo (HPD) u suradnji s Radio Studentom. Ure\u0111uje ga i vodi Enes Kulenovi\u0107 (glavni urednik i spiker podkasta) uz povremenu suradnju drugih \u010dlanova i \u010dlanica Dru\u0161tva. Sve epizode podkasta\u00a0mo\u017eete poslu\u0161ati na stranicama Anala HPD-a te na YouTube kanalu HPD-a.<\/p>","protected":false},"excerpt":{"rendered":"<p>Politolo\u0161ki Podkast\u00a0nastoji predstaviti politologiju u razgovornom formatu. U epizodama u trajanju\u00a0od oko pola sata do 45 minuta, razgovaramo s politolozima, znanstvenicima iz srodnih disciplina i ostalim relevantnim autorima o temi kojom se bave, zanimljivom \u010dlanku ili knjizi koju su nedavno objavili. Podkast vam donosi Hrvatsko politolo\u0161ko dru\u0161tvo (HPD) u suradnji s Radio Studentom. Ure\u0111uje ga [&hellip;]<\/p>","protected":false},"author":1,"featured_media":0,"parent":0,"menu_order":0,"comment_status":"closed","ping_status":"closed","template":"","meta":{"_acf_changed":false,"_seopress_robots_primary_cat":"","_seopress_titles_title":"","_seopress_titles_desc":"","_seopress_robots_index":"","footnotes":""},"class_list":["post-684","page","type-page","status-publish","hentry"],"acf":[],"_links":{"self":[{"href":"https:\/\/analihpd.hr\/en\/wp-json\/wp\/v2\/pages\/684","targetHints":{"allow":["GET"]}}],"collection":[{"href":"https:\/\/analihpd.hr\/en\/wp-json\/wp\/v2\/pages"}],"about":[{"href":"https:\/\/analihpd.hr\/en\/wp-json\/wp\/v2\/types\/page"}],"author":[{"embeddable":true,"href":"https:\/\/analihpd.hr\/en\/wp-json\/wp\/v2\/users\/1"}],"replies":[{"embeddable":true,"href":"https:\/\/analihpd.hr\/en\/wp-json\/wp\/v2\/comments?post=684"}],"version-history":[{"count":4,"href":"https:\/\/analihpd.hr\/en\/wp-json\/wp\/v2\/pages\/684\/revisions"}],"predecessor-version":[{"id":1565,"href":"https:\/\/analihpd.hr\/en\/wp-json\/wp\/v2\/pages\/684\/revisions\/1565"}],"wp:attachment":[{"href":"https:\/\/analihpd.hr\/en\/wp-json\/wp\/v2\/media?parent=684"}],"curies":[{"name":"wp","href":"https:\/\/api.w.org\/{rel}","templated":true}]}}